{"id":331,"date":"2016-10-13T18:11:11","date_gmt":"2016-10-13T16:11:11","guid":{"rendered":"http:\/\/www.getraenke-traupe.de\/?page_id=331"},"modified":"2025-06-26T12:57:14","modified_gmt":"2025-06-26T10:57:14","slug":"lieferservice","status":"publish","type":"page","link":"https:\/\/www.getraenke-traupe.de\/?page_id=331","title":{"rendered":"Lieferservice"},"content":{"rendered":"<p>F\u00fcnf gute Gr\u00fcnde<\/p>\n<p><img loading=\"lazy\" decoding=\"async\" class=\"size-medium wp-image-341 alignright\" src=\"http:\/\/www.getraenke-traupe.de\/wp-content\/uploads\/2016\/10\/traupelkw_600_x_450__01-300x225.jpg\" alt=\"traupelkw_600_x_450__01\" width=\"300\" height=\"225\"><\/p>\n<p>die f\u00fcr Sie Erleichterung beim Getr\u00e4nkekauf bedeuten:<br \/>\n1. Wir bringen Ihre Getr\u00e4nke direkt ins Haus oder in den Keller. Der durchschnittliche Getr\u00e4nkeverbrauch einer Familie wiegt pro Jahr 3,5 t<br \/>\nGetr\u00e4nke Traupe bringt\u00b4s<br \/>\n2. Wir kommen regelm\u00e4\u00dfig zur selben Zeit. Darauf k\u00f6nnen Sie sich verlassen.<br \/>\nWer alle 14 Tage f\u00fcr die Familie Getr\u00e4nke kauft ben\u00f6tigt im Jahr daf\u00fcr 28 Stunden.Getr\u00e4nke Traupe bringt\u00b4s<br \/>\n3. Komplett &#8211; Auswahl? Na klar! Sie erhalten alles aus einer Hand. Biere, Mineral- und Heilw\u00e4sser, Fruchts\u00e4fte, Limonaden, Weine, Spirituosen, Geschenkartikel und Partyzubeh\u00f6r. Eine vierk\u00f6pfige Familie kauft pro Jahr 165 Kasten Getr\u00e4nke. Getr\u00e4nke Traupe bringt\u00b4s<br \/>\n4. Immer frisch erhalten Sie unser Sortiment, weil wir der Getr\u00e4nke Service der schnellen Wege sind. Getr\u00e4nke Traupe bringt\u00b4s<br \/>\n5. Auch die Bezahlung durch Bankeinzug ist m\u00f6glich und so einfach geht\u00b4s. Sie w\u00e4hlen zu Haus in Ruhe aus unserem riesigen Sortiment aus, dann bestellen sie bequem per Email oder Telefon. Auf Wunsch rufen wir Sie auch gern an. Die Getr\u00e4nke kommen zuverl\u00e4ssig zum vereinbarten Termin im Rahmen unsere regelm\u00e4\u00dfigen Liefertour.<\/p>\n<p>Freundlich und schneller als der Durst<\/p>\n<h2>Der Getr\u00e4nke Traupe- Firmen- Service<\/h2>\n<p><img loading=\"lazy\" decoding=\"async\" class=\"size-medium wp-image-343 alignright\" src=\"http:\/\/www.getraenke-traupe.de\/wp-content\/uploads\/2016\/10\/traupelkw2_600_x_450__02-300x225.jpg\" alt=\"traupelkw2_600_x_450__02\" width=\"300\" height=\"225\"><\/p>\n<p>Kein Mitarbeiter muss mehr seine wertvolle Zeit f\u00fcr den betrieblichen Getr\u00e4nke-Einkauf opfern. Nat\u00fcrlich haben Sie die gro\u00dfe Auswahl aus unserem umfangreichen Sortiment. Getr\u00e4nke Traupe bringt\u00b4s und \u00fcbernimmt auch gern die Getr\u00e4nkebelieferung f\u00fcr Ihre B\u00fcros und Betriebsr\u00e4ume.<br \/>\nEin gewisser Vorrat an Getr\u00e4nken ist immer hilfreich, wenn Mitarbeiter und Besucher mit Mineralwasser, Saft, Bier und Wein versorgt und bewirtet werden m\u00f6chten. Hierf\u00fcr bieten wir auch kleine Getr\u00e4nkeflaschen f\u00fcr Besprechungen mit den passenden Gl\u00e4sern an.<br \/>\nHier taucht dann oft die Frage auf:<br \/>\nWer sorgt daf\u00fcr, das Getr\u00e4nke immer ausreichend vorhanden sind?<br \/>\nDie Sekret\u00e4rin, der Hausmeister, die Azubis oder gar der Chef? Mit dem Getr\u00e4nke Traupe &#8211; Firmen &#8211; Service werden Sie stets zuverl\u00e4ssig und p\u00fcnktlich mit Getr\u00e4nken versorgt. Wir liefern Ihnen die Getr\u00e4nke dorthin, wo Sie m\u00f6chten. Das Leergut nehmen wir gleich wieder mit.<br \/>\nVereinbaren Sie einfach einen Termin.<br \/>\nWir informieren Sie gern \u00fcber den Getr\u00e4nke Traupe &#8211; Firmen &#8211; Service.<br \/>\nUnsere &#8222;schneller als der Durst&#8220; Hotline Tel.: 05551-5700<\/p>\n<p><img loading=\"lazy\" decoding=\"async\" class=\"alignnone size-medium wp-image-593\" src=\"http:\/\/www.getraenke-traupe.de\/wp-content\/uploads\/2017\/08\/IMG_6626-1-300x225.jpg\" alt=\"\" width=\"300\" height=\"225\" srcset=\"https:\/\/www.getraenke-traupe.de\/wp-content\/uploads\/2017\/08\/IMG_6626-1-300x225.jpg 300w, https:\/\/www.getraenke-traupe.de\/wp-content\/uploads\/2017\/08\/IMG_6626-1-768x576.jpg 768w, https:\/\/www.getraenke-traupe.de\/wp-content\/uploads\/2017\/08\/IMG_6626-1.jpg 800w\" sizes=\"auto, (max-width: 300px) 100vw, 300px\" \/> <img loading=\"lazy\" decoding=\"async\" class=\"alignnone size-medium wp-image-592\" src=\"http:\/\/www.getraenke-traupe.de\/wp-content\/uploads\/2017\/08\/IMG_6623-1-300x225.jpg\" alt=\"\" width=\"300\" height=\"225\" srcset=\"https:\/\/www.getraenke-traupe.de\/wp-content\/uploads\/2017\/08\/IMG_6623-1-300x225.jpg 300w, https:\/\/www.getraenke-traupe.de\/wp-content\/uploads\/2017\/08\/IMG_6623-1-768x576.jpg 768w, https:\/\/www.getraenke-traupe.de\/wp-content\/uploads\/2017\/08\/IMG_6623-1.jpg 800w\" sizes=\"auto, (max-width: 300px) 100vw, 300px\" \/><\/p>\n<p><img loading=\"lazy\" decoding=\"async\" class=\"alignleft size-full wp-image-596\" src=\"http:\/\/www.getraenke-traupe.de\/wp-content\/uploads\/2017\/08\/vlcsnap-error928.jpg\" alt=\"\" width=\"800\" height=\"465\" srcset=\"https:\/\/www.getraenke-traupe.de\/wp-content\/uploads\/2017\/08\/vlcsnap-error928.jpg 800w, https:\/\/www.getraenke-traupe.de\/wp-content\/uploads\/2017\/08\/vlcsnap-error928-300x174.jpg 300w, https:\/\/www.getraenke-traupe.de\/wp-content\/uploads\/2017\/08\/vlcsnap-error928-768x446.jpg 768w\" sizes=\"auto, (max-width: 800px) 100vw, 800px\" \/><\/p>\n","protected":false},"excerpt":{"rendered":"<p>F\u00fcnf gute Gr\u00fcnde die f\u00fcr Sie Erleichterung beim Getr\u00e4nkekauf bedeuten: 1. Wir bringen Ihre Getr\u00e4nke direkt ins Haus oder in den Keller. Der durchschnittliche Getr\u00e4nkeverbrauch einer Familie wiegt pro Jahr 3,5 t Getr\u00e4nke Traupe bringt\u00b4s 2. Wir kommen regelm\u00e4\u00dfig zur selben Zeit. Darauf k\u00f6nnen Sie sich verlassen. Wer alle 14 Tage f\u00fcr die Familie Getr\u00e4nke [&hellip;]<\/p>\n","protected":false},"author":1,"featured_media":0,"parent":0,"menu_order":50,"comment_status":"closed","ping_status":"closed","template":"","meta":{"ngg_post_thumbnail":0,"footnotes":""},"class_list":["post-331","page","type-page","status-publish","hentry"],"_links":{"self":[{"href":"https:\/\/www.getraenke-traupe.de\/index.php?rest_route=\/wp\/v2\/pages\/331","targetHints":{"allow":["GET"]}}],"collection":[{"href":"https:\/\/www.getraenke-traupe.de\/index.php?rest_route=\/wp\/v2\/pages"}],"about":[{"href":"https:\/\/www.getraenke-traupe.de\/index.php?rest_route=\/wp\/v2\/types\/page"}],"author":[{"embeddable":true,"href":"https:\/\/www.getraenke-traupe.de\/index.php?rest_route=\/wp\/v2\/users\/1"}],"replies":[{"embeddable":true,"href":"https:\/\/www.getraenke-traupe.de\/index.php?rest_route=%2Fwp%2Fv2%2Fcomments&post=331"}],"version-history":[{"count":7,"href":"https:\/\/www.getraenke-traupe.de\/index.php?rest_route=\/wp\/v2\/pages\/331\/revisions"}],"predecessor-version":[{"id":795,"href":"https:\/\/www.getraenke-traupe.de\/index.php?rest_route=\/wp\/v2\/pages\/331\/revisions\/795"}],"wp:attachment":[{"href":"https:\/\/www.getraenke-traupe.de\/index.php?rest_route=%2Fwp%2Fv2%2Fmedia&parent=331"}],"curies":[{"name":"wp","href":"https:\/\/api.w.org\/{rel}","templated":true}]}}