{"id":484,"date":"2016-10-17T16:32:09","date_gmt":"2016-10-17T14:32:09","guid":{"rendered":"http:\/\/www.getraenke-traupe.de\/?page_id=484"},"modified":"2025-06-26T12:52:15","modified_gmt":"2025-06-26T10:52:15","slug":"startseite","status":"publish","type":"page","link":"https:\/\/www.getraenke-traupe.de\/","title":{"rendered":"Startseite"},"content":{"rendered":"\n<p><strong>\u00d6ffnungszeiten:<\/strong><\/p>\n\n\n\n<p>Montag bis Freitag 8 bis 18 Uhr<\/p>\n\n\n\n<p>Samstag 8 \u2013 13 Uhr<\/p>\n\n\n\n<p><strong>Getr\u00e4nke Traupe GmbH<\/strong><br><strong>Henning und J\u00f6rg Traupe<\/strong><br><strong>Getr\u00e4nkefachgro\u00dfhandel GmbH<\/strong><br>Einbecker Landstr. 30<br>37154 Northeim<br><a href=\"tel:055515700\" target=\"_blank\" rel=\"noreferrer noopener\"><br>Telefon<\/a>: 05551-5700<br>Fax: 05551-53685<br>E-Mail:&nbsp;getraenke-traupe@gmx.de<\/p>\n\n\n\n<p>Anlieferzeiten f\u00fcr unsere Lieferanten:<br>Mo. \u2013 Fr. 6.00 \u2013 12.00 Uhr<\/p>\n\n\n\n<p><\/p>\n","protected":false},"excerpt":{"rendered":"<p>\u00d6ffnungszeiten: Montag bis Freitag 8 bis 18 Uhr Samstag 8 \u2013 13 Uhr Getr\u00e4nke Traupe GmbHHenning und J\u00f6rg TraupeGetr\u00e4nkefachgro\u00dfhandel GmbHEinbecker Landstr. 3037154 NortheimTelefon: 05551-5700Fax: 05551-53685E-Mail:&nbsp;getraenke-traupe@gmx.de Anlieferzeiten f\u00fcr unsere Lieferanten:Mo. \u2013 Fr. 6.00 \u2013 12.00 Uhr<\/p>\n","protected":false},"author":1,"featured_media":0,"parent":0,"menu_order":0,"comment_status":"closed","ping_status":"closed","template":"","meta":{"ngg_post_thumbnail":0,"footnotes":""},"class_list":["post-484","page","type-page","status-publish","hentry"],"_links":{"self":[{"href":"https:\/\/www.getraenke-traupe.de\/index.php?rest_route=\/wp\/v2\/pages\/484","targetHints":{"allow":["GET"]}}],"collection":[{"href":"https:\/\/www.getraenke-traupe.de\/index.php?rest_route=\/wp\/v2\/pages"}],"about":[{"href":"https:\/\/www.getraenke-traupe.de\/index.php?rest_route=\/wp\/v2\/types\/page"}],"author":[{"embeddable":true,"href":"https:\/\/www.getraenke-traupe.de\/index.php?rest_route=\/wp\/v2\/users\/1"}],"replies":[{"embeddable":true,"href":"https:\/\/www.getraenke-traupe.de\/index.php?rest_route=%2Fwp%2Fv2%2Fcomments&post=484"}],"version-history":[{"count":34,"href":"https:\/\/www.getraenke-traupe.de\/index.php?rest_route=\/wp\/v2\/pages\/484\/revisions"}],"predecessor-version":[{"id":793,"href":"https:\/\/www.getraenke-traupe.de\/index.php?rest_route=\/wp\/v2\/pages\/484\/revisions\/793"}],"wp:attachment":[{"href":"https:\/\/www.getraenke-traupe.de\/index.php?rest_route=%2Fwp%2Fv2%2Fmedia&parent=484"}],"curies":[{"name":"wp","href":"https:\/\/api.w.org\/{rel}","templated":true}]}}