{"id":735,"date":"2018-05-25T20:08:54","date_gmt":"2018-05-25T18:08:54","guid":{"rendered":"http:\/\/www.getraenke-traupe.de\/?page_id=735"},"modified":"2019-10-23T17:02:53","modified_gmt":"2019-10-23T15:02:53","slug":"datenschutzerklaerung","status":"publish","type":"page","link":"https:\/\/www.getraenke-traupe.de\/?page_id=735","title":{"rendered":"Datenschutzerkl\u00e4rung"},"content":{"rendered":"\n<h1>Datenschutzerkl\u00e4rung<\/h1>\n<h2 id=\"m14\">Einleitung<\/h2>\n<p>Mit der folgenden Datenschutzerkl\u00e4rung m\u00f6chten wir Sie dar\u00fcber aufkl\u00e4ren, welche Arten Ihrer personenbezogenen Daten (nachfolgend auch kurz als &#8222;Daten\u201c bezeichnet) wir zu welchen Zwecken und in welchem Umfang verarbeiten. Die Datenschutzerkl\u00e4rung gilt f\u00fcr alle von uns durchgef\u00fchrten Verarbeitungen personenbezogener Daten, sowohl im Rahmen der Erbringung unserer Leistungen als auch insbesondere auf unseren Webseiten, in mobilen Applikationen sowie innerhalb externer Onlinepr\u00e4senzen, wie z.B. unserer Social-Media-Profile (nachfolgend zusammenfassend bezeichnet als &#8222;Onlineangebot\u201c).<\/p>\n<p>Die verwendeten Begriffe sind nicht geschlechtsspezifisch.<\/p>\n<ul class=\"m-elements\"><\/ul><p>Stand: 23. Oktober 2019<h2>Inhalts\u00fcbersicht<\/h2> <ul class=\"index\"><li><a class=\"index-link\" href=\"#m14\"> Einleitung<\/a><\/li><li><a class=\"index-link\" href=\"#m3\"> Verantwortlicher<\/a><\/li><li><a class=\"index-link\" href=\"#mOverview\"> \u00dcbersicht der Verarbeitungen<\/a><\/li><li><a class=\"index-link\" href=\"#m13\"> Ma\u00dfgebliche Rechtsgrundlagen<\/a><\/li><li><a class=\"index-link\" href=\"#m317\"> Kommerzielle und gesch\u00e4ftliche Leistungen<\/a><\/li><li><a class=\"index-link\" href=\"#m328\"> Plugins und eingebettete Funktionen sowie Inhalte<\/a><\/li><li><a class=\"index-link\" href=\"#m12\"> L\u00f6schung von Daten<\/a><\/li><li><a class=\"index-link\" href=\"#m15\"> \u00c4nderung und Aktualisierung der Datenschutzerkl\u00e4rung<\/a><\/li><li><a class=\"index-link\" href=\"#m42\"> Begriffsdefinitionen<\/a><\/li><\/ul><h2 id=\"m3\">Verantwortlicher<\/h2> <p>Getr\u00e4nkefachgro\u00dfhandel Hermann Traupe GmbH<br>Gesch\u00e4ftsf\u00fchrer<br>Henning und J\u00f6rg Traupe<br>Einbecker Landstr. 30<br>37154 Northeim<\/p>\n<p><strong>E-Mail-Adresse<\/strong>: <a href=\"mailto:getraenke-traupe@gmx.de\">getraenke-traupe@gmx.de<\/a><\/p>\n<p><strong>Telefon<\/strong>: 05551-5700<\/p>\n<p><strong>Impressum<\/strong>: <a href=\"http:\/\/www.getraenke-traupe.de\/?page_id=317\" target=\"_blank\" rel=\"noopener noreferrer\">http:\/\/www.getraenke-traupe.de\/?page_id=317<\/a><\/p>\n<ul class=\"m-elements\"><\/ul><h2 id=\"mOverview\">\u00dcbersicht der Verarbeitungen<\/h2><p>Die nachfolgende \u00dcbersicht fasst die Arten der verarbeiteten Daten und die Zwecke ihrer Verarbeitung zusammen und verweist auf die betroffenen Personen.<\/p><h3>Arten der verarbeiteten Daten<\/h3>\n<ul><li><p>Bestandsdaten (z.B. Namen, Adressen).<\/p><\/li><li><p>Inhaltsdaten  (z.B. Texteingaben, Fotografien, Videos).<\/p><\/li><li><p>Kontaktdaten (z.B. E-Mail, Telefonnummern).<\/p><\/li><li><p>Meta-\/Kommunikationsdaten (z.B. Ger\u00e4te-Informationen, IP-Adressen).<\/p><\/li><li><p>Nutzungsdaten  (z.B. besuchte Webseiten, Interesse an Inhalten, Zugriffszeiten).<\/p><\/li><li><p>Vertragsdaten  (z.B. Vertragsgegenstand, Laufzeit, Kundenkategorie).<\/p><\/li><li><p>Zahlungsdaten (z.B. Bankverbindungen, Rechnungen, Zahlungshistorie).<\/p><\/li><\/ul><h3>Besondere Kategorien von Daten<\/h3><ul><li><p>Gesundheitsdaten (Art. 9 Abs. 1 DGSVO).<\/p><\/li><\/ul><h3>Kategorien betroffener Personen<\/h3><ul><li><p>Gesch\u00e4fts- und Vertragspartner.<\/p><\/li><li><p>Interessenten.<\/p><\/li><li><p>Kunden.<\/p><\/li><li><p>Nutzer (z.B. Webseitenbesucher, Nutzer von Onlinediensten).<\/p><\/li><\/ul><h3>Zwecke der Verarbeitung<\/h3><ul><li><p>Bereitstellung unseres Onlineangebotes und Nutzerfreundlichkeit.<\/p><\/li><li><p>B\u00fcro- und Organisationsverfahren.<\/p><\/li><li><p>Kontaktanfragen und Kommunikation.<\/p><\/li><li><p>Sicherheitsma\u00dfnahmen.<\/p><\/li><li><p>Vertragliche Leistungen und Service.<\/p><\/li><li><p>Verwaltung und Beantwortung von Anfragen.<\/p><\/li><\/ul><h2><\/h2><h3 id=\"m13\">Ma\u00dfgebliche Rechtsgrundlagen<\/h3><p>Im Folgenden teilen wir die Rechtsgrundlagen der Datenschutzgrundverordnung (DSGVO), auf deren Basis wir die personenbezogenen Daten verarbeiten, mit. Bitte beachten Sie, dass zus\u00e4tzlich zu den Regelungen der DSGVO die nationalen Datenschutzvorgaben in Ihrem bzw. unserem Wohn- und Sitzland gelten k\u00f6nnen.<\/p>\n <ul><li><p><strong>Einwilligung (Art. 6 Abs. 1 S. 1 lit. a DSGVO)<\/strong> &#8211; Die betroffene Person hat ihre Einwilligung in die Verarbeitung der sie betreffenden personenbezogenen Daten f\u00fcr einen spezifischen Zweck oder mehrere bestimmte Zwecke gegeben.<\/p><\/li><li><p><strong>Vertragserf\u00fcllung und vorvertragliche Anfragen (Art. 6 Abs. 1 S. 1 lit. b. DSGVO)<\/strong> &#8211; Die Verarbeitung ist f\u00fcr die Erf\u00fcllung eines Vertrags, dessen Vertragspartei die betroffene Person ist, oder zur Durchf\u00fchrung vorvertraglicher Ma\u00dfnahmen erforderlich, die auf Anfrage der betroffenen Person erfolgen.<\/p><\/li><li><p><strong>Rechtliche Verpflichtung (Art. 6 Abs. 1 S. 1 lit. c. DSGVO)<\/strong> &#8211; Die Verarbeitung ist zur Erf\u00fcllung einer rechtlichen Verpflichtung erforderlich, der der Verantwortliche unterliegt.<\/p><\/li><li><p><strong>Berechtigte Interessen (Art. 6 Abs. 1 S. 1 lit. f. DSGVO)<\/strong> &#8211; Die Verarbeitung ist zur Wahrung der berechtigten Interessen des Verantwortlichen oder eines Dritten erforderlich, sofern nicht die Interessen oder Grundrechte und Grundfreiheiten der betroffenen Person, die den Schutz personenbezogener Daten erfordern, \u00fcberwiegen.<\/p><\/li><\/ul><p><strong>Nationale Datenschutzregelungen in Deutschland<\/strong>: Zus\u00e4tzlich zu den Datenschutzregelungen der Datenschutz-Grundverordnung gelten nationale Regelungen zum Datenschutz in Deutschland. Hierzu geh\u00f6rt insbesondere das Gesetz zum Schutz vor Missbrauch personenbezogener Daten bei der Datenverarbeitung (Bundesdatenschutzgesetz \u2013 BDSG). Das BDSG enth\u00e4lt insbesondere Spezialregelungen zum Recht auf Auskunft, zum Recht auf L\u00f6schung, zum Widerspruchsrecht, zur Verarbeitung besonderer Kategorien personenbezogener Daten, zur Verarbeitung f\u00fcr andere Zwecke und zur \u00dcbermittlung sowie automatisierten Entscheidungsfindung im Einzelfall einschlie\u00dflich Profiling. Des Weiteren regelt es die Datenverarbeitung f\u00fcr Zwecke des Besch\u00e4ftigungsverh\u00e4ltnisses (\u00a7 26 BDSG), insbesondere im Hinblick auf die Begr\u00fcndung, Durchf\u00fchrung oder Beendigung von Besch\u00e4ftigungsverh\u00e4ltnissen sowie die Einwilligung von Besch\u00e4ftigten. Ferner k\u00f6nnen Landesdatenschutzgesetze der einzelnen Bundesl\u00e4nder zur Anwendung gelangen.<\/p>\n<ul class=\"m-elements\"><\/ul> <h2 id=\"m317\">Kommerzielle und gesch\u00e4ftliche Leistungen<\/h2><p>Wir verarbeiten Daten unserer Vertrags- und Gesch\u00e4ftspartner, z.B. Kunden und Interessenten (zusammenfassend bezeichnet als &#8222;Vertragspartner&#8220;) im Rahmen von vertraglichen und vergleichbaren Rechtsverh\u00e4ltnissen sowie damit verbundenen Ma\u00dfnahmen und im Rahmen der Kommunikation mit den Vertragspartnern (oder vorvertraglich), z.B., um Anfragen zu beantworten.<\/p>\n<p>Diese Daten verarbeiten wir zur Erf\u00fcllung unserer vertraglichen Pflichten, zur Sicherung unserer Rechte und zu Zwecken der mit diesen Angaben einhergehenden Verwaltungsaufgaben sowie der unternehmerischen Organisation. Die Daten der Vertragspartner geben wir im Rahmen des geltenden Rechts nur insoweit an Dritte weiter, als dies zu den vorgenannten Zwecken oder zur Erf\u00fcllung gesetzlicher Pflichten erforderlich ist oder mit Einwilligung der Vertragspartner erfolgt (z.B. an beteiligte Telekommunikations-, Transport- und sonstige Hilfsdienste sowie Subunternehmer, Banken, Steuer- und Rechtsberater, Zahlungsdienstleister oder Steuerbeh\u00f6rden). \u00dcber weitere Verarbeitungsformen, z.B. zu Zwecken des Marketings, werden die Vertragspartner im Rahmen dieser Datenschutzerkl\u00e4rung informiert.<\/p>\n<p>Welche Daten f\u00fcr die vorgenannten Zwecke erforderlich sind, teilen wir den Vertragspartnern vor oder im Rahmen der Datenerhebung, z.B. in Onlineformularen, durch besondere Kennzeichnung (z.B. Farben) bzw. Symbole (z.B. Sternchen o.\u00e4.), oder pers\u00f6nlich mit.<\/p>\n<p>Wir l\u00f6schen die Daten nach Ablauf gesetzlicher Gew\u00e4hrleistungs- und vergleichbarer Pflichten, d.h., grunds\u00e4tzlich nach Ablauf von 4 Jahren, es sei denn, dass die Daten in einem Kundenkonto gespeichert werden, z.B., solange sie aus gesetzlichen Gr\u00fcnden der Archivierung aufbewahrt werden m\u00fcssen (z.B. f\u00fcr Steuerzwecke im Regelfall 10 Jahre). Daten, die uns im Rahmen eines Auftrags durch den Vertragspartner offengelegt wurden, l\u00f6schen wir entsprechend den Vorgaben des Auftrags, grunds\u00e4tzlich nach Ende des Auftrags.<\/p>\n<p>Soweit wir zur Erbringung unserer Leistungen Drittanbieter oder Plattformen einsetzen, gelten im Verh\u00e4ltnis zwischen den Nutzern und den Anbietern die Gesch\u00e4ftsbedingungen und Datenschutzhinweise der jeweiligen Drittanbieter oder Plattformen.<\/p>\n<p><strong>Gastronomische Leistungen<\/strong>: Wir verarbeiten die Angaben unserer Besucher und Interessenten (einheitlich bezeichnet als &#8222;Besucher\u201c) um die bestellten Speisen und Tr\u00e4nke bereitzustellen sowie sonstige Leistungen und \u00dcberlassungen zu erbringen sowie abzurechnen.<\/p>\n<p>In Rahmen unserer Beauftragung kann es erforderlich sein, dass wir besondere Kategorien von Daten im Sinne von Art. 9 Abs. 1 DSGVO, insbesondere Angaben zur Gesundheit einer Person verarbeiten. Die Verarbeitung erfolgt, um die gesundheitlichen Interessen der Besucher zu sch\u00fctzen (z.B. im Fall von Angaben zu Allergien) und ansonsten nur mit Einwilligung der Besucher.<\/p>\n<p>Sofern f\u00fcr die Vertragserf\u00fcllung oder gesetzlich erforderlich, bzw. durch Kunden eingewilligt oder es auf Grundlage unserer berechtigten Interessen erfolgt, offenbaren oder \u00fcbermitteln wir die Daten der Kunden z.B. an die an der Erf\u00fcllung unserer Leistungen beteiligten Dienstleister, Beh\u00f6rden, Abrechnungsstellen sowie im Bereich der IT, der B\u00fcro- oder vergleichbarer Dienstleistungen.<\/p>\n<ul class=\"m-elements\"><li><p><strong>Verarbeitete Datenarten:<\/strong> Bestandsdaten (z.B. Namen, Adressen), Zahlungsdaten (z.B. Bankverbindungen, Rechnungen, Zahlungshistorie), Kontaktdaten (z.B. E-Mail, Telefonnummern), Vertragsdaten  (z.B. Vertragsgegenstand, Laufzeit, Kundenkategorie).<\/p><\/li><li><p><strong>Besondere Datenkategorien:<\/strong> Gesundheitsdaten (Art. 9 Abs. 1 DGSVO).<\/p><\/li><li><p><strong>Betroffene Personen:<\/strong> Interessenten, Gesch\u00e4fts- und Vertragspartner, Kunden.<\/p><\/li><li><p><strong>Zwecke der Verarbeitung:<\/strong> Vertragliche Leistungen und Service, Kontaktanfragen und Kommunikation, B\u00fcro- und Organisationsverfahren, Verwaltung und Beantwortung von Anfragen.<\/p><\/li><li><p><strong>Rechtsgrundlagen:<\/strong> Vertragserf\u00fcllung und vorvertragliche Anfragen (Art. 6 Abs. 1 S. 1 lit. b. DSGVO), Rechtliche Verpflichtung (Art. 6 Abs. 1 S. 1 lit. c. DSGVO), Berechtigte Interessen (Art. 6 Abs. 1 S. 1 lit. f. DSGVO).<\/p><\/li><\/ul><h2 id=\"m328\">Plugins und eingebettete Funktionen sowie Inhalte<\/h2><p>Wir binden in unser Onlineangebot Funktions- und Inhaltselemente ein, die von den Servern ihrer jeweiligen Anbieter (nachfolgend bezeichnet als &#8222;Drittanbieter\u201d) bezogen werden. Dabei kann es sich zum Beispiel um Grafiken, Videos oder Social-Media-Schaltfl\u00e4chen sowie Beitr\u00e4ge handeln (nachfolgend einheitlich bezeichnet als &#8222;Inhalte\u201d).<\/p>\n<p>Die Einbindung setzt immer voraus, dass die Drittanbieter dieser Inhalte die IP-Adresse der Nutzer verarbeiten, da sie ohne die IP-Adresse die Inhalte nicht an deren Browser senden k\u00f6nnten. Die IP-Adresse ist damit f\u00fcr die Darstellung dieser Inhalte oder Funktionen erforderlich. Wir bem\u00fchen uns, nur solche Inhalte zu verwenden, deren jeweilige Anbieter die IP-Adresse lediglich zur Auslieferung der Inhalte verwenden. Drittanbieter k\u00f6nnen ferner sogenannte Pixel-Tags (unsichtbare Grafiken, auch als &#8222;Web Beacons&#8220; bezeichnet) f\u00fcr statistische oder Marketingzwecke verwenden. Durch die &#8222;Pixel-Tags&#8220; k\u00f6nnen Informationen, wie der Besucherverkehr auf den Seiten dieser Webseite, ausgewertet werden. Die pseudonymen Informationen k\u00f6nnen ferner in Cookies auf dem Ger\u00e4t der Nutzer gespeichert werden und unter anderem technische Informationen zum Browser und zum Betriebssystem, zu verweisenden Webseiten, zur Besuchszeit sowie weitere Angaben zur Nutzung unseres Onlineangebotes enthalten als auch mit solchen Informationen aus anderen Quellen verbunden werden.<\/p>\n<p><strong>Hinweise zu Rechtsgrundlagen:<\/strong> Sofern wir die Nutzer um deren Einwilligung in den Einsatz der Drittanbieter bitten, ist die Rechtsgrundlage der Verarbeitung von Daten die Einwilligung. Ansonsten werden die Daten der Nutzer auf Grundlage unserer berechtigten Interessen (d.h. Interesse an effizienten, wirtschaftlichen und empf\u00e4ngerfreundlichen Leistungen) verarbeitet. In diesem Zusammenhang m\u00f6chten wir Sie auch auf die Informationen zur Verwendung von Cookies in dieser Datenschutzerkl\u00e4rung hinweisen.<\/p>\n<ul class=\"m-elements\"><li><p><strong>Verarbeitete Datenarten:<\/strong> Nutzungsdaten  (z.B. besuchte Webseiten, Interesse an Inhalten, Zugriffszeiten), Meta-\/Kommunikationsdaten (z.B. Ger\u00e4te-Informationen, IP-Adressen), Bestandsdaten (z.B. Namen, Adressen), Kontaktdaten (z.B. E-Mail, Telefonnummern), Inhaltsdaten  (z.B. Texteingaben, Fotografien, Videos).<\/p><\/li><li><p><strong>Betroffene Personen:<\/strong> Nutzer (z.B. Webseitenbesucher, Nutzer von Onlinediensten).<\/p><\/li><li><p><strong>Zwecke der Verarbeitung:<\/strong> Bereitstellung unseres Onlineangebotes und Nutzerfreundlichkeit, Vertragliche Leistungen und Service, Sicherheitsma\u00dfnahmen, Verwaltung und Beantwortung von Anfragen.<\/p><\/li><li><p><strong>Rechtsgrundlagen:<\/strong> Berechtigte Interessen (Art. 6 Abs. 1 S. 1 lit. f. DSGVO), Einwilligung (Art. 6 Abs. 1 S. 1 lit. a DSGVO), Vertragserf\u00fcllung und vorvertragliche Anfragen (Art. 6 Abs. 1 S. 1 lit. b. DSGVO).<\/p><\/li><\/ul><p><strong>Eingesetzte Dienste und Diensteanbieter:<\/strong><\/p><ul class=\"m-elements\"><li><p><strong>Google Maps:<\/strong> Wir binden die Landkarten des Dienstes \u201cGoogle Maps\u201d des Anbieters Google ein. Zu den verarbeiteten Daten k\u00f6nnen insbesondere IP-Adressen und Standortdaten der Nutzer geh\u00f6ren, die jedoch nicht ohne deren Einwilligung (im Regelfall im Rahmen der Einstellungen ihrer Mobilger\u00e4te vollzogen), erhoben werden. Dienstanbieter: Google Ireland Limited, Gordon House, Barrow Street, Dublin 4, Irland, Mutterunternehmen: Google LLC, 1600 Amphitheatre Parkway, Mountain View, CA 94043, USA; Website: <a href=\"https:\/\/maps.google.de\" target=\"_blank\" rel=\"noopener noreferrer\">https:\/\/maps.google.de<\/a>; Datenschutzerkl\u00e4rung: <a href=\"https:\/\/policies.google.com\/privacy\" target=\"_blank\" rel=\"noopener noreferrer\">https:\/\/policies.google.com\/privacy<\/a>; Privacy Shield (Gew\u00e4hrleistung Datenschutzniveau bei Verarbeitung von Daten in den USA): <a href=\"https:\/\/www.privacyshield.gov\/participant?id=a2zt0000000TRkEAAW&#038;status=Active\" target=\"_blank\" rel=\"noopener noreferrer\">https:\/\/www.privacyshield.gov\/participant?id=a2zt0000000TRkEAAW&#038;status=Active<\/a>; Widerspruchsm\u00f6glichkeit (Opt-Out): Opt-Out-Plugin: <a href=\"http:\/\/tools.google.com\/dlpage\/gaoptout?hl=de\" target=\"_blank\" rel=\"noopener noreferrer\">http:\/\/tools.google.com\/dlpage\/gaoptout?hl=de<\/a>,  Einstellungen f\u00fcr die Darstellung von Werbeeinblendungen: <a href=\"https:\/\/adssettings.google.com\/authenticated\" target=\"_blank\" rel=\"noopener noreferrer\">https:\/\/adssettings.google.com\/authenticated<\/a>.<\/p><\/li> <li><p><strong>YouTube:<\/strong> Videos; Dienstanbieter: Google Ireland Limited, Gordon House, Barrow Street, Dublin 4, Irland, Mutterunternehmen: Google LLC, 1600 Amphitheatre Parkway, Mountain View, CA 94043, USA; Website: <a href=\"https:\/\/www.youtube.com\" target=\"_blank\" rel=\"noopener noreferrer\">https:\/\/www.youtube.com<\/a>; Datenschutzerkl\u00e4rung: <a href=\"https:\/\/policies.google.com\/privacy\" target=\"_blank\" rel=\"noopener noreferrer\">https:\/\/policies.google.com\/privacy<\/a>; Privacy Shield (Gew\u00e4hrleistung Datenschutzniveau bei Verarbeitung von Daten in den USA): <a href=\"https:\/\/www.privacyshield.gov\/participant?id=a2zt000000001L5AAI&#038;status=Active\" target=\"_blank\" rel=\"noopener noreferrer\">https:\/\/www.privacyshield.gov\/participant?id=a2zt000000001L5AAI&#038;status=Active<\/a>; Widerspruchsm\u00f6glichkeit (Opt-Out): Opt-Out-Plugin: <a href=\"http:\/\/tools.google.com\/dlpage\/gaoptout?hl=de\" target=\"_blank\" rel=\"noopener noreferrer\">http:\/\/tools.google.com\/dlpage\/gaoptout?hl=de<\/a>,  Einstellungen f\u00fcr die Darstellung von Werbeeinblendungen: <a href=\"https:\/\/adssettings.google.com\/authenticated\" target=\"_blank\" rel=\"noopener noreferrer\">https:\/\/adssettings.google.com\/authenticated<\/a>.<\/p><\/li><\/ul><h2 id=\"m12\">L\u00f6schung von Daten<\/h2><p>Die von uns verarbeiteten Daten werden nach Ma\u00dfgabe der gesetzlichen Vorgaben gel\u00f6scht, sobald deren zur Verarbeitung erlaubten Einwilligungen widerrufen werden oder sonstige Erlaubnisse entfallen (z.B., wenn der Zweck der Verarbeitung dieser Daten entfallen ist oder sie f\u00fcr den Zweck nicht erforderlich sind).<\/p>\n<p>Sofern die Daten nicht gel\u00f6scht werden, weil sie f\u00fcr andere und gesetzlich zul\u00e4ssige Zwecke erforderlich sind, wird deren Verarbeitung auf diese Zwecke beschr\u00e4nkt. D.h., die Daten werden gesperrt und nicht f\u00fcr andere Zwecke verarbeitet. Das gilt z.B. f\u00fcr Daten, die aus handels- oder steuerrechtlichen Gr\u00fcnden aufbewahrt werden m\u00fcssen oder deren Speicherung zur Geltendmachung, Aus\u00fcbung oder Verteidigung von Rechtsanspr\u00fcchen oder zum Schutz der Rechte einer anderen nat\u00fcrlichen oder juristischen Person erforderlich ist.<\/p>\n<p>Weitere Hinweise zu der L\u00f6schung von personenbezogenen Daten k\u00f6nnen ferner im Rahmen der einzelnen Datenschutzhinweise dieser Datenschutzerkl\u00e4rung erfolgen.<\/p>\n<ul class=\"m-elements\"><\/ul><h2 id=\"m15\">\u00c4nderung und Aktualisierung der Datenschutzerkl\u00e4rung<\/h2><p>Wir bitten Sie, sich regelm\u00e4\u00dfig \u00fcber den Inhalt unserer Datenschutzerkl\u00e4rung zu informieren. Wir passen die Datenschutzerkl\u00e4rung an, sobald die \u00c4nderungen der von uns durchgef\u00fchrten Datenverarbeitungen dies erforderlich machen. Wir informieren Sie, sobald durch die \u00c4nderungen eine Mitwirkungshandlung Ihrerseits (z.B. Einwilligung) oder eine sonstige individuelle Benachrichtigung erforderlich wird.<\/p>\n<h2 id=\"m42\">Begriffsdefinitionen<\/h2><p>In diesem Abschnitt erhalten Sie eine \u00dcbersicht \u00fcber die in dieser Datenschutzerkl\u00e4rung verwendeten Begrifflichkeiten. Viele der Begriffe sind dem Gesetz entnommen und vor allem im Art. 4 DSGVO definiert. Die gesetzlichen Definitionen sind verbindlich. Die nachfolgenden Erl\u00e4uterungen sollen dagegen vor allem dem Verst\u00e4ndnis dienen. Die Begriffe sind alphabetisch sortiert.<\/p>\n <ul class=\"glossary\"><li><strong>Personenbezogene Daten:<\/strong> &#8222;Personenbezogene Daten\u201c sind alle Informationen, die sich auf eine identifizierte oder identifizierbare nat\u00fcrliche Person (im Folgenden &#8222;betroffene Person\u201c) beziehen; als identifizierbar wird eine nat\u00fcrliche Person angesehen, die direkt oder indirekt, insbesondere mittels Zuordnung zu einer Kennung wie einem Namen, zu einer Kennnummer, zu Standortdaten, zu einer Online-Kennung (z.B. Cookie) oder zu einem oder mehreren besonderen Merkmalen identifiziert werden kann, die Ausdruck der physischen, physiologischen, genetischen, psychischen, wirtschaftlichen, kulturellen oder sozialen Identit\u00e4t dieser nat\u00fcrlichen Person sind. <\/li><li><strong>Verantwortlicher:<\/strong> Als &#8222;Verantwortlicher\u201c wird die nat\u00fcrliche oder juristische Person, Beh\u00f6rde, Einrichtung oder andere Stelle, die allein oder gemeinsam mit anderen \u00fcber die Zwecke und Mittel der Verarbeitung von personenbezogenen Daten entscheidet, bezeichnet. <\/li><li><strong>Verarbeitung:<\/strong> &#8222;Verarbeitung&#8220; ist jeder mit oder ohne Hilfe automatisierter Verfahren ausgef\u00fchrte Vorgang oder jede solche Vorgangsreihe im Zusammenhang mit personenbezogenen Daten. Der Begriff reicht weit und umfasst praktisch jeden Umgang mit Daten, sei es das Erheben, das Auswerten, das Speichern, das \u00dcbermitteln oder das L\u00f6schen. <\/li><\/ul><\/p>\n<p class=\"seal\"><a href=\"https:\/\/datenschutz-generator.de\/?l=de\" title=\"Rechtstext von Dr. Schwenke - f\u00fcr weitere Informationen bitte anklicken.\" target=\"_blank\" rel=\"noopener noreferrer\"><img loading=\"lazy\" decoding=\"async\" src=\"https:\/\/datenschutz-generator.de\/wp-content\/plugins\/ts-dsg\/images\/dsg-seal\/dsg-seal-pp-de.png\" alt=\"Rechtstext von Dr. Schwenke - f\u00fcr weitere Informationen bitte anklicken.\" width=\"250\" height=\"250\"\/><\/a><\/p>\n","protected":false},"excerpt":{"rendered":"<p>Datenschutzerkl\u00e4rung Einleitung Mit der folgenden Datenschutzerkl\u00e4rung m\u00f6chten wir Sie dar\u00fcber aufkl\u00e4ren, welche Arten Ihrer personenbezogenen Daten (nachfolgend auch kurz als &#8222;Daten\u201c bezeichnet) wir zu welchen Zwecken und in welchem Umfang verarbeiten. Die Datenschutzerkl\u00e4rung gilt f\u00fcr alle von uns durchgef\u00fchrten Verarbeitungen personenbezogener Daten, sowohl im Rahmen der Erbringung unserer Leistungen als auch insbesondere auf unseren Webseiten, [&hellip;]<\/p>\n","protected":false},"author":1,"featured_media":0,"parent":0,"menu_order":220,"comment_status":"closed","ping_status":"closed","template":"","meta":{"ngg_post_thumbnail":0,"footnotes":""},"class_list":["post-735","page","type-page","status-publish","hentry"],"_links":{"self":[{"href":"https:\/\/www.getraenke-traupe.de\/index.php?rest_route=\/wp\/v2\/pages\/735","targetHints":{"allow":["GET"]}}],"collection":[{"href":"https:\/\/www.getraenke-traupe.de\/index.php?rest_route=\/wp\/v2\/pages"}],"about":[{"href":"https:\/\/www.getraenke-traupe.de\/index.php?rest_route=\/wp\/v2\/types\/page"}],"author":[{"embeddable":true,"href":"https:\/\/www.getraenke-traupe.de\/index.php?rest_route=\/wp\/v2\/users\/1"}],"replies":[{"embeddable":true,"href":"https:\/\/www.getraenke-traupe.de\/index.php?rest_route=%2Fwp%2Fv2%2Fcomments&post=735"}],"version-history":[{"count":7,"href":"https:\/\/www.getraenke-traupe.de\/index.php?rest_route=\/wp\/v2\/pages\/735\/revisions"}],"predecessor-version":[{"id":751,"href":"https:\/\/www.getraenke-traupe.de\/index.php?rest_route=\/wp\/v2\/pages\/735\/revisions\/751"}],"wp:attachment":[{"href":"https:\/\/www.getraenke-traupe.de\/index.php?rest_route=%2Fwp%2Fv2%2Fmedia&parent=735"}],"curies":[{"name":"wp","href":"https:\/\/api.w.org\/{rel}","templated":true}]}}